{"id":416,"date":"2024-12-12T18:47:12","date_gmt":"2024-12-12T18:47:12","guid":{"rendered":"https:\/\/travauxlmdpp.northstudio.fr\/?page_id=416"},"modified":"2025-02-21T13:42:15","modified_gmt":"2025-02-21T13:42:15","slug":"galerie-boulevard-francois-1er","status":"publish","type":"page","link":"https:\/\/travauxlmdpp.northstudio.fr\/?page_id=416","title":{"rendered":"Galerie Boulevard Fran\u00e7ois 1er"},"content":{"rendered":"\t\t<div data-elementor-type=\"wp-page\" data-elementor-id=\"416\" class=\"elementor elementor-416\">\n\t\t\t\t\t\t<section class=\"elementor-section elementor-top-section elementor-element elementor-element-6891051 elementor-section-boxed elementor-section-height-default elementor-section-height-default wpr-particle-no wpr-jarallax-no wpr-parallax-no wpr-sticky-section-no\" data-id=\"6891051\" data-element_type=\"section\">\n\t\t\t\t\t\t<div class=\"elementor-container elementor-column-gap-default\">\n\t\t\t\t\t<div class=\"elementor-column elementor-col-100 elementor-top-column elementor-element elementor-element-1048853c\" data-id=\"1048853c\" data-element_type=\"column\">\n\t\t\t<div class=\"elementor-widget-wrap elementor-element-populated\">\n\t\t\t\t\t\t<div class=\"elementor-element elementor-element-691f1ad elementor-widget elementor-widget-heading\" data-id=\"691f1ad\" data-element_type=\"widget\" data-widget_type=\"heading.default\">\n\t\t\t\t<div class=\"elementor-widget-container\">\n\t\t\t\t\t<h3 class=\"elementor-heading-title elementor-size-default\">Galerie Boulevard Fran\u00e7ois 1er<\/h3>\t\t\t\t<\/div>\n\t\t\t\t<\/div>\n\t\t\t\t\t<\/div>\n\t\t<\/div>\n\t\t\t\t\t<\/div>\n\t\t<\/section>\n\t\t<div class=\"elementor-element elementor-element-1e322e8 e-flex e-con-boxed wpr-particle-no wpr-jarallax-no wpr-parallax-no wpr-sticky-section-no e-con e-parent\" data-id=\"1e322e8\" data-element_type=\"container\">\n\t\t\t\t\t<div class=\"e-con-inner\">\n\t\t\t\t<div class=\"elementor-element elementor-element-85d40b1 gallery-spacing-custom elementor-widget elementor-widget-image-gallery\" data-id=\"85d40b1\" data-element_type=\"widget\" data-widget_type=\"image-gallery.default\">\n\t\t\t\t<div class=\"elementor-widget-container\">\n\t\t\t\t\t\t\t<div class=\"elementor-image-gallery\">\n\t\t\t<div id='gallery-1' class='gallery galleryid-416 gallery-columns-3 gallery-size-medium_large'><figure class='gallery-item'>\n\t\t\t<div class='gallery-icon landscape'>\n\t\t\t\t<a data-elementor-open-lightbox=\"no\" href='https:\/\/travauxlmdpp.northstudio.fr\/wp-content\/uploads\/2024\/12\/650A2807-Avec-accentuation-Bruit-min.jpg'><img fetchpriority=\"high\" decoding=\"async\" width=\"768\" height=\"512\" src=\"https:\/\/travauxlmdpp.northstudio.fr\/wp-content\/uploads\/2024\/12\/650A2807-Avec-accentuation-Bruit-min-768x512.jpg\" class=\"attachment-medium_large size-medium_large\" alt=\"\" srcset=\"https:\/\/travauxlmdpp.northstudio.fr\/wp-content\/uploads\/2024\/12\/650A2807-Avec-accentuation-Bruit-min-768x512.jpg 768w, https:\/\/travauxlmdpp.northstudio.fr\/wp-content\/uploads\/2024\/12\/650A2807-Avec-accentuation-Bruit-min-300x200.jpg 300w, https:\/\/travauxlmdpp.northstudio.fr\/wp-content\/uploads\/2024\/12\/650A2807-Avec-accentuation-Bruit-min-1024x683.jpg 1024w, https:\/\/travauxlmdpp.northstudio.fr\/wp-content\/uploads\/2024\/12\/650A2807-Avec-accentuation-Bruit-min-1536x1025.jpg 1536w\" sizes=\"(max-width: 768px) 100vw, 768px\" \/><\/a>\n\t\t\t<\/div><\/figure><figure class='gallery-item'>\n\t\t\t<div class='gallery-icon landscape'>\n\t\t\t\t<a data-elementor-open-lightbox=\"no\" href='https:\/\/travauxlmdpp.northstudio.fr\/wp-content\/uploads\/2024\/12\/650A2804-Avec-accentuation-Bruit-min.jpg'><img decoding=\"async\" width=\"768\" height=\"512\" src=\"https:\/\/travauxlmdpp.northstudio.fr\/wp-content\/uploads\/2024\/12\/650A2804-Avec-accentuation-Bruit-min-768x512.jpg\" class=\"attachment-medium_large size-medium_large\" alt=\"\" srcset=\"https:\/\/travauxlmdpp.northstudio.fr\/wp-content\/uploads\/2024\/12\/650A2804-Avec-accentuation-Bruit-min-768x512.jpg 768w, https:\/\/travauxlmdpp.northstudio.fr\/wp-content\/uploads\/2024\/12\/650A2804-Avec-accentuation-Bruit-min-300x200.jpg 300w, https:\/\/travauxlmdpp.northstudio.fr\/wp-content\/uploads\/2024\/12\/650A2804-Avec-accentuation-Bruit-min-1024x683.jpg 1024w, https:\/\/travauxlmdpp.northstudio.fr\/wp-content\/uploads\/2024\/12\/650A2804-Avec-accentuation-Bruit-min-1536x1025.jpg 1536w\" sizes=\"(max-width: 768px) 100vw, 768px\" \/><\/a>\n\t\t\t<\/div><\/figure><figure class='gallery-item'>\n\t\t\t<div class='gallery-icon landscape'>\n\t\t\t\t<a data-elementor-open-lightbox=\"no\" href='https:\/\/travauxlmdpp.northstudio.fr\/wp-content\/uploads\/2025\/02\/650A2800-Avec-accentuation-Bruit.jpg'><img decoding=\"async\" width=\"768\" height=\"512\" src=\"https:\/\/travauxlmdpp.northstudio.fr\/wp-content\/uploads\/2025\/02\/650A2800-Avec-accentuation-Bruit-768x512.jpg\" class=\"attachment-medium_large size-medium_large\" alt=\"\" srcset=\"https:\/\/travauxlmdpp.northstudio.fr\/wp-content\/uploads\/2025\/02\/650A2800-Avec-accentuation-Bruit-768x512.jpg 768w, https:\/\/travauxlmdpp.northstudio.fr\/wp-content\/uploads\/2025\/02\/650A2800-Avec-accentuation-Bruit-300x200.jpg 300w, https:\/\/travauxlmdpp.northstudio.fr\/wp-content\/uploads\/2025\/02\/650A2800-Avec-accentuation-Bruit-1024x683.jpg 1024w, https:\/\/travauxlmdpp.northstudio.fr\/wp-content\/uploads\/2025\/02\/650A2800-Avec-accentuation-Bruit-1536x1025.jpg 1536w\" sizes=\"(max-width: 768px) 100vw, 768px\" \/><\/a>\n\t\t\t<\/div><\/figure><figure class='gallery-item'>\n\t\t\t<div class='gallery-icon landscape'>\n\t\t\t\t<a data-elementor-open-lightbox=\"no\" href='https:\/\/travauxlmdpp.northstudio.fr\/wp-content\/uploads\/2025\/02\/650A2808-Avec-accentuation-Bruit.jpg'><img loading=\"lazy\" decoding=\"async\" width=\"768\" height=\"512\" src=\"https:\/\/travauxlmdpp.northstudio.fr\/wp-content\/uploads\/2025\/02\/650A2808-Avec-accentuation-Bruit-768x512.jpg\" class=\"attachment-medium_large size-medium_large\" alt=\"\" srcset=\"https:\/\/travauxlmdpp.northstudio.fr\/wp-content\/uploads\/2025\/02\/650A2808-Avec-accentuation-Bruit-768x512.jpg 768w, https:\/\/travauxlmdpp.northstudio.fr\/wp-content\/uploads\/2025\/02\/650A2808-Avec-accentuation-Bruit-300x200.jpg 300w, https:\/\/travauxlmdpp.northstudio.fr\/wp-content\/uploads\/2025\/02\/650A2808-Avec-accentuation-Bruit-1024x683.jpg 1024w, https:\/\/travauxlmdpp.northstudio.fr\/wp-content\/uploads\/2025\/02\/650A2808-Avec-accentuation-Bruit-1536x1025.jpg 1536w\" sizes=\"(max-width: 768px) 100vw, 768px\" \/><\/a>\n\t\t\t<\/div><\/figure><figure class='gallery-item'>\n\t\t\t<div class='gallery-icon landscape'>\n\t\t\t\t<a data-elementor-open-lightbox=\"no\" href='https:\/\/travauxlmdpp.northstudio.fr\/wp-content\/uploads\/2025\/02\/650A2796-Avec-accentuation-Bruit.jpg'><img loading=\"lazy\" decoding=\"async\" width=\"768\" height=\"512\" src=\"https:\/\/travauxlmdpp.northstudio.fr\/wp-content\/uploads\/2025\/02\/650A2796-Avec-accentuation-Bruit-768x512.jpg\" class=\"attachment-medium_large size-medium_large\" alt=\"\" srcset=\"https:\/\/travauxlmdpp.northstudio.fr\/wp-content\/uploads\/2025\/02\/650A2796-Avec-accentuation-Bruit-768x512.jpg 768w, https:\/\/travauxlmdpp.northstudio.fr\/wp-content\/uploads\/2025\/02\/650A2796-Avec-accentuation-Bruit-300x200.jpg 300w, https:\/\/travauxlmdpp.northstudio.fr\/wp-content\/uploads\/2025\/02\/650A2796-Avec-accentuation-Bruit-1024x683.jpg 1024w, https:\/\/travauxlmdpp.northstudio.fr\/wp-content\/uploads\/2025\/02\/650A2796-Avec-accentuation-Bruit-1536x1025.jpg 1536w\" sizes=\"(max-width: 768px) 100vw, 768px\" \/><\/a>\n\t\t\t<\/div><\/figure><figure class='gallery-item'>\n\t\t\t<div class='gallery-icon landscape'>\n\t\t\t\t<a data-elementor-open-lightbox=\"no\" href='https:\/\/travauxlmdpp.northstudio.fr\/wp-content\/uploads\/2025\/02\/650A2810-Avec-accentuation-Bruit.jpg'><img loading=\"lazy\" decoding=\"async\" width=\"768\" height=\"512\" src=\"https:\/\/travauxlmdpp.northstudio.fr\/wp-content\/uploads\/2025\/02\/650A2810-Avec-accentuation-Bruit-768x512.jpg\" class=\"attachment-medium_large size-medium_large\" alt=\"\" srcset=\"https:\/\/travauxlmdpp.northstudio.fr\/wp-content\/uploads\/2025\/02\/650A2810-Avec-accentuation-Bruit-768x512.jpg 768w, https:\/\/travauxlmdpp.northstudio.fr\/wp-content\/uploads\/2025\/02\/650A2810-Avec-accentuation-Bruit-300x200.jpg 300w, https:\/\/travauxlmdpp.northstudio.fr\/wp-content\/uploads\/2025\/02\/650A2810-Avec-accentuation-Bruit-1024x683.jpg 1024w, https:\/\/travauxlmdpp.northstudio.fr\/wp-content\/uploads\/2025\/02\/650A2810-Avec-accentuation-Bruit-1536x1025.jpg 1536w\" sizes=\"(max-width: 768px) 100vw, 768px\" \/><\/a>\n\t\t\t<\/div><\/figure><figure class='gallery-item'>\n\t\t\t<div class='gallery-icon landscape'>\n\t\t\t\t<a data-elementor-open-lightbox=\"no\" href='https:\/\/travauxlmdpp.northstudio.fr\/wp-content\/uploads\/2025\/02\/650A2798-Avec-accentuation-Bruit.jpg'><img loading=\"lazy\" decoding=\"async\" width=\"768\" height=\"512\" src=\"https:\/\/travauxlmdpp.northstudio.fr\/wp-content\/uploads\/2025\/02\/650A2798-Avec-accentuation-Bruit-768x512.jpg\" class=\"attachment-medium_large size-medium_large\" alt=\"\" srcset=\"https:\/\/travauxlmdpp.northstudio.fr\/wp-content\/uploads\/2025\/02\/650A2798-Avec-accentuation-Bruit-768x512.jpg 768w, https:\/\/travauxlmdpp.northstudio.fr\/wp-content\/uploads\/2025\/02\/650A2798-Avec-accentuation-Bruit-300x200.jpg 300w, https:\/\/travauxlmdpp.northstudio.fr\/wp-content\/uploads\/2025\/02\/650A2798-Avec-accentuation-Bruit-1024x683.jpg 1024w, https:\/\/travauxlmdpp.northstudio.fr\/wp-content\/uploads\/2025\/02\/650A2798-Avec-accentuation-Bruit-1536x1025.jpg 1536w\" sizes=\"(max-width: 768px) 100vw, 768px\" \/><\/a>\n\t\t\t<\/div><\/figure><figure class='gallery-item'>\n\t\t\t<div class='gallery-icon landscape'>\n\t\t\t\t<a data-elementor-open-lightbox=\"no\" href='https:\/\/travauxlmdpp.northstudio.fr\/wp-content\/uploads\/2025\/02\/650A2799-Avec-accentuation-Bruit.jpg'><img loading=\"lazy\" decoding=\"async\" width=\"768\" height=\"512\" src=\"https:\/\/travauxlmdpp.northstudio.fr\/wp-content\/uploads\/2025\/02\/650A2799-Avec-accentuation-Bruit-768x512.jpg\" class=\"attachment-medium_large size-medium_large\" alt=\"\" srcset=\"https:\/\/travauxlmdpp.northstudio.fr\/wp-content\/uploads\/2025\/02\/650A2799-Avec-accentuation-Bruit-768x512.jpg 768w, https:\/\/travauxlmdpp.northstudio.fr\/wp-content\/uploads\/2025\/02\/650A2799-Avec-accentuation-Bruit-300x200.jpg 300w, https:\/\/travauxlmdpp.northstudio.fr\/wp-content\/uploads\/2025\/02\/650A2799-Avec-accentuation-Bruit-1024x683.jpg 1024w, https:\/\/travauxlmdpp.northstudio.fr\/wp-content\/uploads\/2025\/02\/650A2799-Avec-accentuation-Bruit-1536x1025.jpg 1536w\" sizes=\"(max-width: 768px) 100vw, 768px\" \/><\/a>\n\t\t\t<\/div><\/figure><figure class='gallery-item'>\n\t\t\t<div class='gallery-icon landscape'>\n\t\t\t\t<a data-elementor-open-lightbox=\"no\" href='https:\/\/travauxlmdpp.northstudio.fr\/wp-content\/uploads\/2025\/02\/650A2793-Avec-accentuation-Bruit.jpg'><img loading=\"lazy\" decoding=\"async\" width=\"768\" height=\"512\" src=\"https:\/\/travauxlmdpp.northstudio.fr\/wp-content\/uploads\/2025\/02\/650A2793-Avec-accentuation-Bruit-768x512.jpg\" class=\"attachment-medium_large size-medium_large\" alt=\"\" srcset=\"https:\/\/travauxlmdpp.northstudio.fr\/wp-content\/uploads\/2025\/02\/650A2793-Avec-accentuation-Bruit-768x512.jpg 768w, https:\/\/travauxlmdpp.northstudio.fr\/wp-content\/uploads\/2025\/02\/650A2793-Avec-accentuation-Bruit-300x200.jpg 300w, https:\/\/travauxlmdpp.northstudio.fr\/wp-content\/uploads\/2025\/02\/650A2793-Avec-accentuation-Bruit-1024x683.jpg 1024w, https:\/\/travauxlmdpp.northstudio.fr\/wp-content\/uploads\/2025\/02\/650A2793-Avec-accentuation-Bruit-1536x1025.jpg 1536w\" sizes=\"(max-width: 768px) 100vw, 768px\" \/><\/a>\n\t\t\t<\/div><\/figure>\n\t\t<\/div>\n\t\t<\/div>\n\t\t\t\t\t\t<\/div>\n\t\t\t\t<\/div>\n\t\t\t\t\t<\/div>\n\t\t\t\t<\/div>\n\t\t<div class=\"elementor-element elementor-element-91bd265 e-flex e-con-boxed wpr-particle-no wpr-jarallax-no wpr-parallax-no wpr-sticky-section-no e-con e-parent\" data-id=\"91bd265\" data-element_type=\"container\">\n\t\t\t\t\t<div class=\"e-con-inner\">\n\t\t\t\t<div class=\"elementor-element elementor-element-e590ae3 elementor-widget elementor-widget-spacer\" data-id=\"e590ae3\" data-element_type=\"widget\" data-widget_type=\"spacer.default\">\n\t\t\t\t<div class=\"elementor-widget-container\">\n\t\t\t\t\t\t\t<div class=\"elementor-spacer\">\n\t\t\t<div class=\"elementor-spacer-inner\"><\/div>\n\t\t<\/div>\n\t\t\t\t\t\t<\/div>\n\t\t\t\t<\/div>\n\t\t\t\t\t<\/div>\n\t\t\t\t<\/div>\n\t\t\t\t<\/div>\n\t\t","protected":false},"excerpt":{"rendered":"<p>Galerie Boulevard Fran\u00e7ois 1er<\/p>\n","protected":false},"author":1,"featured_media":0,"parent":0,"menu_order":0,"comment_status":"closed","ping_status":"closed","template":"","meta":{"footnotes":""},"class_list":["post-416","page","type-page","status-publish","hentry"],"yoast_head":"<!-- This site is optimized with the Yoast SEO plugin v24.5 - https:\/\/yoast.com\/wordpress\/plugins\/seo\/ -->\n<title>Galerie Boulevard Fran\u00e7ois 1er - Le Monde Des Petits Pieds<\/title>\n<meta name=\"description\" content=\"D\u00e9couvrez les photos de notre micro-cr\u00e8che situ\u00e9 Boulevard Fran\u00e7ois 1er au Havre.\" \/>\n<meta name=\"robots\" content=\"index, follow, max-snippet:-1, max-image-preview:large, max-video-preview:-1\" \/>\n<link rel=\"canonical\" href=\"https:\/\/travauxlmdpp.northstudio.fr\/?page_id=416\" \/>\n<meta property=\"og:locale\" content=\"fr_FR\" \/>\n<meta property=\"og:type\" content=\"article\" \/>\n<meta property=\"og:title\" content=\"Galerie Boulevard Fran\u00e7ois 1er - Le Monde Des Petits Pieds\" \/>\n<meta property=\"og:description\" content=\"D\u00e9couvrez les photos de notre micro-cr\u00e8che situ\u00e9 Boulevard Fran\u00e7ois 1er au Havre.\" \/>\n<meta property=\"og:url\" content=\"https:\/\/travauxlmdpp.northstudio.fr\/?page_id=416\" \/>\n<meta property=\"og:site_name\" content=\"Le Monde Des Petits Pieds\" \/>\n<meta property=\"article:modified_time\" content=\"2025-02-21T13:42:15+00:00\" \/>\n<meta property=\"og:image\" content=\"https:\/\/travauxlmdpp.northstudio.fr\/wp-content\/uploads\/2025\/02\/650A2793-Avec-accentuation-Bruit-768x512.jpg\" \/>\n<meta name=\"twitter:card\" content=\"summary_large_image\" \/>\n<meta name=\"twitter:label1\" content=\"Dur\u00e9e de lecture estim\u00e9e\" \/>\n\t<meta name=\"twitter:data1\" content=\"2 minutes\" \/>\n<script type=\"application\/ld+json\" class=\"yoast-schema-graph\">{\"@context\":\"https:\/\/schema.org\",\"@graph\":[{\"@type\":\"WebPage\",\"@id\":\"https:\/\/travauxlmdpp.northstudio.fr\/?page_id=416\",\"url\":\"https:\/\/travauxlmdpp.northstudio.fr\/?page_id=416\",\"name\":\"Galerie Boulevard Fran\u00e7ois 1er - Le Monde Des Petits Pieds\",\"isPartOf\":{\"@id\":\"https:\/\/travauxlmdpp.northstudio.fr\/#website\"},\"primaryImageOfPage\":{\"@id\":\"https:\/\/travauxlmdpp.northstudio.fr\/?page_id=416#primaryimage\"},\"image\":{\"@id\":\"https:\/\/travauxlmdpp.northstudio.fr\/?page_id=416#primaryimage\"},\"thumbnailUrl\":\"https:\/\/travauxlmdpp.northstudio.fr\/wp-content\/uploads\/2025\/02\/650A2793-Avec-accentuation-Bruit-768x512.jpg\",\"datePublished\":\"2024-12-12T18:47:12+00:00\",\"dateModified\":\"2025-02-21T13:42:15+00:00\",\"description\":\"D\u00e9couvrez les photos de notre micro-cr\u00e8che situ\u00e9 Boulevard Fran\u00e7ois 1er au Havre.\",\"breadcrumb\":{\"@id\":\"https:\/\/travauxlmdpp.northstudio.fr\/?page_id=416#breadcrumb\"},\"inLanguage\":\"fr-FR\",\"potentialAction\":[{\"@type\":\"ReadAction\",\"target\":[\"https:\/\/travauxlmdpp.northstudio.fr\/?page_id=416\"]}]},{\"@type\":\"ImageObject\",\"inLanguage\":\"fr-FR\",\"@id\":\"https:\/\/travauxlmdpp.northstudio.fr\/?page_id=416#primaryimage\",\"url\":\"https:\/\/travauxlmdpp.northstudio.fr\/wp-content\/uploads\/2025\/02\/650A2793-Avec-accentuation-Bruit.jpg\",\"contentUrl\":\"https:\/\/travauxlmdpp.northstudio.fr\/wp-content\/uploads\/2025\/02\/650A2793-Avec-accentuation-Bruit.jpg\",\"width\":8192,\"height\":5464},{\"@type\":\"BreadcrumbList\",\"@id\":\"https:\/\/travauxlmdpp.northstudio.fr\/?page_id=416#breadcrumb\",\"itemListElement\":[{\"@type\":\"ListItem\",\"position\":1,\"name\":\"Accueil\",\"item\":\"https:\/\/travauxlmdpp.northstudio.fr\/\"},{\"@type\":\"ListItem\",\"position\":2,\"name\":\"Galerie Boulevard Fran\u00e7ois 1er\"}]},{\"@type\":\"WebSite\",\"@id\":\"https:\/\/travauxlmdpp.northstudio.fr\/#website\",\"url\":\"https:\/\/travauxlmdpp.northstudio.fr\/\",\"name\":\"Le Monde Des Petits Pieds\",\"description\":\"\",\"publisher\":{\"@id\":\"https:\/\/travauxlmdpp.northstudio.fr\/#organization\"},\"potentialAction\":[{\"@type\":\"SearchAction\",\"target\":{\"@type\":\"EntryPoint\",\"urlTemplate\":\"https:\/\/travauxlmdpp.northstudio.fr\/?s={search_term_string}\"},\"query-input\":{\"@type\":\"PropertyValueSpecification\",\"valueRequired\":true,\"valueName\":\"search_term_string\"}}],\"inLanguage\":\"fr-FR\"},{\"@type\":\"Organization\",\"@id\":\"https:\/\/travauxlmdpp.northstudio.fr\/#organization\",\"name\":\"Le Monde Des Petits Pieds\",\"url\":\"https:\/\/travauxlmdpp.northstudio.fr\/\",\"logo\":{\"@type\":\"ImageObject\",\"inLanguage\":\"fr-FR\",\"@id\":\"https:\/\/travauxlmdpp.northstudio.fr\/#\/schema\/logo\/image\/\",\"url\":\"https:\/\/travauxlmdpp.northstudio.fr\/wp-content\/uploads\/2024\/11\/cropped-cropped-logo.png\",\"contentUrl\":\"https:\/\/travauxlmdpp.northstudio.fr\/wp-content\/uploads\/2024\/11\/cropped-cropped-logo.png\",\"width\":274,\"height\":250,\"caption\":\"Le Monde Des Petits Pieds\"},\"image\":{\"@id\":\"https:\/\/travauxlmdpp.northstudio.fr\/#\/schema\/logo\/image\/\"}}]}<\/script>\n<!-- \/ Yoast SEO plugin. -->","yoast_head_json":{"title":"Galerie Boulevard Fran\u00e7ois 1er - Le Monde Des Petits Pieds","description":"D\u00e9couvrez les photos de notre micro-cr\u00e8che situ\u00e9 Boulevard Fran\u00e7ois 1er au Havre.","robots":{"index":"index","follow":"follow","max-snippet":"max-snippet:-1","max-image-preview":"max-image-preview:large","max-video-preview":"max-video-preview:-1"},"canonical":"https:\/\/travauxlmdpp.northstudio.fr\/?page_id=416","og_locale":"fr_FR","og_type":"article","og_title":"Galerie Boulevard Fran\u00e7ois 1er - Le Monde Des Petits Pieds","og_description":"D\u00e9couvrez les photos de notre micro-cr\u00e8che situ\u00e9 Boulevard Fran\u00e7ois 1er au Havre.","og_url":"https:\/\/travauxlmdpp.northstudio.fr\/?page_id=416","og_site_name":"Le Monde Des Petits Pieds","article_modified_time":"2025-02-21T13:42:15+00:00","og_image":[{"url":"https:\/\/travauxlmdpp.northstudio.fr\/wp-content\/uploads\/2025\/02\/650A2793-Avec-accentuation-Bruit-768x512.jpg","type":"","width":"","height":""}],"twitter_card":"summary_large_image","twitter_misc":{"Dur\u00e9e de lecture estim\u00e9e":"2 minutes"},"schema":{"@context":"https:\/\/schema.org","@graph":[{"@type":"WebPage","@id":"https:\/\/travauxlmdpp.northstudio.fr\/?page_id=416","url":"https:\/\/travauxlmdpp.northstudio.fr\/?page_id=416","name":"Galerie Boulevard Fran\u00e7ois 1er - Le Monde Des Petits Pieds","isPartOf":{"@id":"https:\/\/travauxlmdpp.northstudio.fr\/#website"},"primaryImageOfPage":{"@id":"https:\/\/travauxlmdpp.northstudio.fr\/?page_id=416#primaryimage"},"image":{"@id":"https:\/\/travauxlmdpp.northstudio.fr\/?page_id=416#primaryimage"},"thumbnailUrl":"https:\/\/travauxlmdpp.northstudio.fr\/wp-content\/uploads\/2025\/02\/650A2793-Avec-accentuation-Bruit-768x512.jpg","datePublished":"2024-12-12T18:47:12+00:00","dateModified":"2025-02-21T13:42:15+00:00","description":"D\u00e9couvrez les photos de notre micro-cr\u00e8che situ\u00e9 Boulevard Fran\u00e7ois 1er au Havre.","breadcrumb":{"@id":"https:\/\/travauxlmdpp.northstudio.fr\/?page_id=416#breadcrumb"},"inLanguage":"fr-FR","potentialAction":[{"@type":"ReadAction","target":["https:\/\/travauxlmdpp.northstudio.fr\/?page_id=416"]}]},{"@type":"ImageObject","inLanguage":"fr-FR","@id":"https:\/\/travauxlmdpp.northstudio.fr\/?page_id=416#primaryimage","url":"https:\/\/travauxlmdpp.northstudio.fr\/wp-content\/uploads\/2025\/02\/650A2793-Avec-accentuation-Bruit.jpg","contentUrl":"https:\/\/travauxlmdpp.northstudio.fr\/wp-content\/uploads\/2025\/02\/650A2793-Avec-accentuation-Bruit.jpg","width":8192,"height":5464},{"@type":"BreadcrumbList","@id":"https:\/\/travauxlmdpp.northstudio.fr\/?page_id=416#breadcrumb","itemListElement":[{"@type":"ListItem","position":1,"name":"Accueil","item":"https:\/\/travauxlmdpp.northstudio.fr\/"},{"@type":"ListItem","position":2,"name":"Galerie Boulevard Fran\u00e7ois 1er"}]},{"@type":"WebSite","@id":"https:\/\/travauxlmdpp.northstudio.fr\/#website","url":"https:\/\/travauxlmdpp.northstudio.fr\/","name":"Le Monde Des Petits Pieds","description":"","publisher":{"@id":"https:\/\/travauxlmdpp.northstudio.fr\/#organization"},"potentialAction":[{"@type":"SearchAction","target":{"@type":"EntryPoint","urlTemplate":"https:\/\/travauxlmdpp.northstudio.fr\/?s={search_term_string}"},"query-input":{"@type":"PropertyValueSpecification","valueRequired":true,"valueName":"search_term_string"}}],"inLanguage":"fr-FR"},{"@type":"Organization","@id":"https:\/\/travauxlmdpp.northstudio.fr\/#organization","name":"Le Monde Des Petits Pieds","url":"https:\/\/travauxlmdpp.northstudio.fr\/","logo":{"@type":"ImageObject","inLanguage":"fr-FR","@id":"https:\/\/travauxlmdpp.northstudio.fr\/#\/schema\/logo\/image\/","url":"https:\/\/travauxlmdpp.northstudio.fr\/wp-content\/uploads\/2024\/11\/cropped-cropped-logo.png","contentUrl":"https:\/\/travauxlmdpp.northstudio.fr\/wp-content\/uploads\/2024\/11\/cropped-cropped-logo.png","width":274,"height":250,"caption":"Le Monde Des Petits Pieds"},"image":{"@id":"https:\/\/travauxlmdpp.northstudio.fr\/#\/schema\/logo\/image\/"}}]}},"_links":{"self":[{"href":"https:\/\/travauxlmdpp.northstudio.fr\/index.php?rest_route=\/wp\/v2\/pages\/416","targetHints":{"allow":["GET"]}}],"collection":[{"href":"https:\/\/travauxlmdpp.northstudio.fr\/index.php?rest_route=\/wp\/v2\/pages"}],"about":[{"href":"https:\/\/travauxlmdpp.northstudio.fr\/index.php?rest_route=\/wp\/v2\/types\/page"}],"author":[{"embeddable":true,"href":"https:\/\/travauxlmdpp.northstudio.fr\/index.php?rest_route=\/wp\/v2\/users\/1"}],"replies":[{"embeddable":true,"href":"https:\/\/travauxlmdpp.northstudio.fr\/index.php?rest_route=%2Fwp%2Fv2%2Fcomments&post=416"}],"version-history":[{"count":30,"href":"https:\/\/travauxlmdpp.northstudio.fr\/index.php?rest_route=\/wp\/v2\/pages\/416\/revisions"}],"predecessor-version":[{"id":1380,"href":"https:\/\/travauxlmdpp.northstudio.fr\/index.php?rest_route=\/wp\/v2\/pages\/416\/revisions\/1380"}],"wp:attachment":[{"href":"https:\/\/travauxlmdpp.northstudio.fr\/index.php?rest_route=%2Fwp%2Fv2%2Fmedia&parent=416"}],"curies":[{"name":"wp","href":"https:\/\/api.w.org\/{rel}","templated":true}]}}